{"id":85,"date":"2022-02-28T08:41:50","date_gmt":"2022-02-28T08:41:50","guid":{"rendered":"http:\/\/www.inegolatlasspor.com\/?page_id=85"},"modified":"2022-02-28T17:09:51","modified_gmt":"2022-02-28T17:09:51","slug":"spor-okullari-basvuru","status":"publish","type":"page","link":"http:\/\/www.inegolatlasspor.com\/?page_id=85","title":{"rendered":"Spor Okullar\u0131 Ba\u015fvuru"},"content":{"rendered":"<div class=\"wpforms-container wpforms-container-full\" id=\"wpforms-132\"><form id=\"wpforms-form-132\" class=\"wpforms-validate wpforms-form wpforms-ajax-form\" data-formid=\"132\" method=\"post\" enctype=\"multipart\/form-data\" action=\"\/index.php?rest_route=%2Fwp%2Fv2%2Fpages%2F85\" data-token=\"47cce99a6b6fc7f1fbb406d8b8fb5ae2\"><noscript class=\"wpforms-error-noscript\">Bu formu bitirebilmek i\u00e7in taray\u0131c\u0131n\u0131zda JavaScript&#039;i etkinle\u015ftirin.<\/noscript><div class=\"wpforms-field-container\"><div id=\"wpforms-132-field_39-container\" class=\"wpforms-field wpforms-field-number\" data-field-id=\"39\"><label class=\"wpforms-field-label\" for=\"wpforms-132-field_39\">TC <span class=\"wpforms-required-label\">*<\/span><\/label><input type=\"number\" pattern=\"\\d*\" id=\"wpforms-132-field_39\" class=\"wpforms-field-medium wpforms-field-required\" name=\"wpforms[fields][39]\" required><\/div><div id=\"wpforms-132-field_11-container\" class=\"wpforms-field wpforms-field-name\" data-field-id=\"11\"><label class=\"wpforms-field-label\" for=\"wpforms-132-field_11\">Ad\u0131n - Soyad\u0131n <span class=\"wpforms-required-label\">*<\/span><\/label><div class=\"wpforms-field-row wpforms-field-medium\"><div class=\"wpforms-field-row-block wpforms-first wpforms-one-half\"><input type=\"text\" id=\"wpforms-132-field_11\" class=\"wpforms-field-name-first wpforms-field-required\" name=\"wpforms[fields][11][first]\" placeholder=\"Ad\u0131n\" required><label for=\"wpforms-132-field_11\" class=\"wpforms-field-sublabel after wpforms-sublabel-hide\">Ad<\/label><\/div><div class=\"wpforms-field-row-block wpforms-one-half\"><input type=\"text\" id=\"wpforms-132-field_11-last\" class=\"wpforms-field-name-last wpforms-field-required\" name=\"wpforms[fields][11][last]\" placeholder=\"Soyad\u0131n\" required><label for=\"wpforms-132-field_11-last\" class=\"wpforms-field-sublabel after wpforms-sublabel-hide\">Soyad<\/label><\/div><\/div><\/div><div id=\"wpforms-132-field_48-container\" class=\"wpforms-field wpforms-field-text\" data-field-id=\"48\"><label class=\"wpforms-field-label\" for=\"wpforms-132-field_48\">Do\u011fum Tarihi G\/A\/Y <span class=\"wpforms-required-label\">*<\/span><\/label><input type=\"text\" id=\"wpforms-132-field_48\" class=\"wpforms-field-medium wpforms-field-required\" name=\"wpforms[fields][48]\" required><\/div><div id=\"wpforms-132-field_45-container\" class=\"wpforms-field wpforms-field-text\" data-field-id=\"45\"><label class=\"wpforms-field-label\" for=\"wpforms-132-field_45\">Do\u011fum Yeri <span class=\"wpforms-required-label\">*<\/span><\/label><input type=\"text\" id=\"wpforms-132-field_45\" class=\"wpforms-field-medium wpforms-field-required\" name=\"wpforms[fields][45]\" required><\/div><div id=\"wpforms-132-field_46-container\" class=\"wpforms-field wpforms-field-text\" data-field-id=\"46\"><label class=\"wpforms-field-label\" for=\"wpforms-132-field_46\">Okulu <span class=\"wpforms-required-label\">*<\/span><\/label><input type=\"text\" id=\"wpforms-132-field_46\" class=\"wpforms-field-medium wpforms-field-required\" name=\"wpforms[fields][46]\" required><\/div><div id=\"wpforms-132-field_43-container\" class=\"wpforms-field wpforms-field-phone\" data-field-id=\"43\"><label class=\"wpforms-field-label\" for=\"wpforms-132-field_43\">Telefon <span class=\"wpforms-required-label\">*<\/span><\/label><input type=\"tel\" id=\"wpforms-132-field_43\" class=\"wpforms-field-medium wpforms-field-required wpforms-masked-input\" data-inputmask=\"&#039;mask&#039;: &#039;(999) 999-9999&#039;\" data-rule-us-phone-field=\"true\" data-inputmask-inputmode=\"tel\" name=\"wpforms[fields][43]\" value=\"info@inegolatlasspor.com\" required><\/div><div id=\"wpforms-132-field_40-container\" class=\"wpforms-field wpforms-field-name\" data-field-id=\"40\"><label class=\"wpforms-field-label\" for=\"wpforms-132-field_40\">Anne ad\u0131 <span class=\"wpforms-required-label\">*<\/span><\/label><input type=\"text\" id=\"wpforms-132-field_40\" class=\"wpforms-field-medium wpforms-field-required\" name=\"wpforms[fields][40]\" required><\/div><div id=\"wpforms-132-field_12-container\" class=\"wpforms-field wpforms-field-phone\" data-field-id=\"12\"><label class=\"wpforms-field-label\" for=\"wpforms-132-field_12\">Anne Telefon <span class=\"wpforms-required-label\">*<\/span><\/label><input type=\"tel\" id=\"wpforms-132-field_12\" class=\"wpforms-field-medium wpforms-field-required wpforms-masked-input\" data-inputmask=\"&#039;mask&#039;: &#039;(999) 999-9999&#039;\" data-rule-us-phone-field=\"true\" data-inputmask-inputmode=\"tel\" name=\"wpforms[fields][12]\" value=\"info@inegolatlasspor.com\" required><\/div><div id=\"wpforms-132-field_41-container\" class=\"wpforms-field wpforms-field-name\" data-field-id=\"41\"><label class=\"wpforms-field-label\" for=\"wpforms-132-field_41\">Baba ad\u0131 <span class=\"wpforms-required-label\">*<\/span><\/label><input type=\"text\" id=\"wpforms-132-field_41\" class=\"wpforms-field-medium wpforms-field-required\" name=\"wpforms[fields][41]\" required><\/div><div id=\"wpforms-132-field_42-container\" class=\"wpforms-field wpforms-field-phone\" data-field-id=\"42\"><label class=\"wpforms-field-label wpforms-label-hide\" for=\"wpforms-132-field_42\">Baba Telefon<\/label><input type=\"tel\" id=\"wpforms-132-field_42\" class=\"wpforms-field-medium wpforms-masked-input\" data-inputmask=\"&#039;mask&#039;: &#039;(999) 999-9999&#039;\" data-rule-us-phone-field=\"true\" data-inputmask-inputmode=\"tel\" name=\"wpforms[fields][42]\" value=\"info@inegolatlasspor.com\" ><\/div><div id=\"wpforms-132-field_18-container\" class=\"wpforms-field wpforms-field-address\" data-field-id=\"18\"><label class=\"wpforms-field-label\" for=\"wpforms-132-field_18\">Addres Bilgilerinizi girin<\/label><div class=\"wpforms-field-row wpforms-field-medium\"><div ><input type=\"text\" id=\"wpforms-132-field_18\" class=\"wpforms-field-address-address1\" name=\"wpforms[fields][18][address1]\" placeholder=\"A\u00e7\u0131k adresinizi yaz\u0131n\" ><label for=\"wpforms-132-field_18\" class=\"wpforms-field-sublabel after wpforms-sublabel-hide\">Address Line 1<\/label><\/div><\/div><div class=\"wpforms-field-row wpforms-field-medium\"><div ><input type=\"text\" id=\"wpforms-132-field_18-address2\" class=\"wpforms-field-address-address2\" name=\"wpforms[fields][18][address2]\" placeholder=\"Adresinizin devam\u0131n\u0131 yaz\u0131n\u0131z\" ><label for=\"wpforms-132-field_18-address2\" class=\"wpforms-field-sublabel after wpforms-sublabel-hide\">Address Line 2<\/label><\/div><\/div><div class=\"wpforms-field-row wpforms-field-medium\"><div class=\"wpforms-field-row-block wpforms-one-half wpforms-first\"><input type=\"text\" id=\"wpforms-132-field_18-city\" class=\"wpforms-field-address-city\" name=\"wpforms[fields][18][city]\" placeholder=\"il\u00e7e\" ><label for=\"wpforms-132-field_18-city\" class=\"wpforms-field-sublabel after wpforms-sublabel-hide\">City<\/label><\/div><div class=\"wpforms-field-row-block wpforms-one-half\"><input type=\"text\" id=\"wpforms-132-field_18-state\" class=\"wpforms-field-address-state\" name=\"wpforms[fields][18][state]\" placeholder=\"il\" ><label for=\"wpforms-132-field_18-state\" class=\"wpforms-field-sublabel after wpforms-sublabel-hide\">State \/ Province \/ Region<\/label><\/div><\/div><\/div><div id=\"wpforms-132-field_26-container\" class=\"wpforms-field wpforms-field-select wpforms-field-select-style-classic\" data-field-id=\"26\"><label class=\"wpforms-field-label\" for=\"wpforms-132-field_26\">Kay\u0131t Olmak istedi\u011fin Bran\u015f 1<\/label><select id=\"wpforms-132-field_26\" class=\"wpforms-field-medium\" name=\"wpforms[fields][26]\"><option value=\"Di\u011fer\" >Di\u011fer<\/option><option value=\"Basketbol\" >Basketbol<\/option><option value=\"Voleybol\" >Voleybol<\/option><option value=\"Y\u00fczme\" >Y\u00fczme<\/option><option value=\"Masa Tenisi\" >Masa Tenisi<\/option><option value=\"Hentbol\" >Hentbol<\/option><\/select><\/div><div id=\"wpforms-132-field_27-container\" class=\"wpforms-field wpforms-field-select wpforms-field-select-style-classic\" data-field-id=\"27\"><label class=\"wpforms-field-label\" for=\"wpforms-132-field_27\">Kay\u0131t Olmak istedi\u011fin Bran\u015f 2<\/label><select id=\"wpforms-132-field_27\" class=\"wpforms-field-medium\" name=\"wpforms[fields][27]\"><option value=\"Di\u011fer\" >Di\u011fer<\/option><option value=\"Basketbol\" >Basketbol<\/option><option value=\"Voleybol\" >Voleybol<\/option><option value=\"Y\u00fczme\" >Y\u00fczme<\/option><option value=\"Masa Tenisi\" >Masa Tenisi<\/option><option value=\"Hentbol\" >Hentbol<\/option><\/select><\/div><div id=\"wpforms-132-field_29-container\" class=\"wpforms-field wpforms-field-select wpforms-field-select-style-classic\" data-field-id=\"29\"><label class=\"wpforms-field-label\" for=\"wpforms-132-field_29\">Kay\u0131t Olmak istedi\u011fin Bran\u015f 3<\/label><select id=\"wpforms-132-field_29\" class=\"wpforms-field-medium\" name=\"wpforms[fields][29]\"><option value=\"Di\u011fer\" >Di\u011fer<\/option><option value=\"Basketbol\" >Basketbol<\/option><option value=\"Voleybol\" >Voleybol<\/option><option value=\"Y\u00fczme\" >Y\u00fczme<\/option><option value=\"Masa Tenisi\" >Masa Tenisi<\/option><option value=\"Hentbol\" >Hentbol<\/option><\/select><\/div><div id=\"wpforms-132-field_30-container\" class=\"wpforms-field wpforms-field-select wpforms-field-select-style-classic\" data-field-id=\"30\"><label class=\"wpforms-field-label\" for=\"wpforms-132-field_30\">Kay\u0131t Olmak istedi\u011fin Bran\u015f 4<\/label><select id=\"wpforms-132-field_30\" class=\"wpforms-field-medium\" name=\"wpforms[fields][30]\"><option value=\"Di\u011fer\" >Di\u011fer<\/option><option value=\"Basketbol\" >Basketbol<\/option><option value=\"Voleybol\" >Voleybol<\/option><option value=\"Y\u00fczme\" >Y\u00fczme<\/option><option value=\"Masa Tenisi\" >Masa Tenisi<\/option><option value=\"Hentbol\" >Hentbol<\/option><\/select><\/div><div id=\"wpforms-132-field_28-container\" class=\"wpforms-field wpforms-field-select wpforms-field-select-style-classic\" data-field-id=\"28\"><label class=\"wpforms-field-label\" for=\"wpforms-132-field_28\">Kay\u0131t Olmak istedi\u011fin Bran\u015f 5<\/label><select id=\"wpforms-132-field_28\" class=\"wpforms-field-medium\" name=\"wpforms[fields][28]\"><option value=\"Di\u011fer\" >Di\u011fer<\/option><option value=\"Basketbol\" >Basketbol<\/option><option value=\"Voleybol\" >Voleybol<\/option><option value=\"Y\u00fczme\" >Y\u00fczme<\/option><option value=\"Masa Tenisi\" >Masa Tenisi<\/option><option value=\"Hentbol\" >Hentbol<\/option><\/select><\/div><\/div><div class=\"wpforms-submit-container\"><input type=\"hidden\" name=\"wpforms[id]\" value=\"132\"><input type=\"hidden\" name=\"wpforms[author]\" value=\"1\"><button type=\"submit\" name=\"wpforms[submit]\" id=\"wpforms-submit-132\" class=\"wpforms-submit\" data-alt-text=\"G\u00f6nderildi\" data-submit-text=\"G\u00f6nder\" aria-live=\"assertive\" value=\"wpforms-submit\">G\u00f6nder<\/button><img decoding=\"async\" src=\"http:\/\/www.inegolatlasspor.com\/wp-content\/plugins\/wpforms\/assets\/images\/submit-spin.svg\" class=\"wpforms-submit-spinner\" style=\"display: none;\" width=\"26\" height=\"26\" alt=\"\"><\/div><\/form><\/div>  <!-- .wpforms-container -->\n\n\n\n<p><\/p>\n","protected":false},"excerpt":{"rendered":"","protected":false},"author":1,"featured_media":0,"parent":0,"menu_order":0,"comment_status":"closed","ping_status":"closed","template":"","meta":{"footnotes":""},"class_list":["post-85","page","type-page","status-publish","hentry"],"_links":{"self":[{"href":"http:\/\/www.inegolatlasspor.com\/index.php?rest_route=\/wp\/v2\/pages\/85","targetHints":{"allow":["GET"]}}],"collection":[{"href":"http:\/\/www.inegolatlasspor.com\/index.php?rest_route=\/wp\/v2\/pages"}],"about":[{"href":"http:\/\/www.inegolatlasspor.com\/index.php?rest_route=\/wp\/v2\/types\/page"}],"author":[{"embeddable":true,"href":"http:\/\/www.inegolatlasspor.com\/index.php?rest_route=\/wp\/v2\/users\/1"}],"replies":[{"embeddable":true,"href":"http:\/\/www.inegolatlasspor.com\/index.php?rest_route=%2Fwp%2Fv2%2Fcomments&post=85"}],"version-history":[{"count":3,"href":"http:\/\/www.inegolatlasspor.com\/index.php?rest_route=\/wp\/v2\/pages\/85\/revisions"}],"predecessor-version":[{"id":133,"href":"http:\/\/www.inegolatlasspor.com\/index.php?rest_route=\/wp\/v2\/pages\/85\/revisions\/133"}],"wp:attachment":[{"href":"http:\/\/www.inegolatlasspor.com\/index.php?rest_route=%2Fwp%2Fv2%2Fmedia&parent=85"}],"curies":[{"name":"wp","href":"https:\/\/api.w.org\/{rel}","templated":true}]}}