{"id":48,"date":"2022-02-28T08:36:58","date_gmt":"2022-02-28T08:36:58","guid":{"rendered":"http:\/\/www.inegolatlasspor.com\/?page_id=48"},"modified":"2023-02-02T20:31:48","modified_gmt":"2023-02-02T20:31:48","slug":"hentbol","status":"publish","type":"page","link":"http:\/\/www.inegolatlasspor.com\/?page_id=48","title":{"rendered":"Hentbol"},"content":{"rendered":"\t\t<div data-elementor-type=\"wp-page\" data-elementor-id=\"48\" class=\"elementor elementor-48\">\n\t\t\t\t\t\t<section class=\"elementor-section elementor-top-section elementor-element elementor-element-84fbbfc elementor-section-boxed elementor-section-height-default elementor-section-height-default\" data-id=\"84fbbfc\" data-element_type=\"section\" data-e-type=\"section\">\n\t\t\t\t\t\t<div class=\"elementor-container elementor-column-gap-default\">\n\t\t\t\t\t<div class=\"elementor-column elementor-col-100 elementor-top-column elementor-element elementor-element-61db459\" data-id=\"61db459\" data-element_type=\"column\" data-e-type=\"column\">\n\t\t\t<div class=\"elementor-widget-wrap elementor-element-populated\">\n\t\t\t\t\t\t<div class=\"elementor-element elementor-element-9f34a6b elementor-widget elementor-widget-text-editor\" data-id=\"9f34a6b\" data-element_type=\"widget\" data-e-type=\"widget\" data-widget_type=\"text-editor.default\">\n\t\t\t\t<div class=\"elementor-widget-container\">\n\t\t\t\t\t\t\t\t\t<p>\u0130mider Atlas Spor Hentbol Spor Okullar\u0131 olarak;<\/p><p>\u00d6\u011frencilerimizin uzman antren\u00f6rler e\u015fli\u011finde hareketli, esnek ve kol, bacak kaslar\u0131n\u0131n g\u00fc\u00e7l\u00fc olmas\u0131n\u0131 sa\u011flamak, zihinsel becerileri geli\u015ftirmek, \u00f6\u011frencilerimizin azimli, istekli birey olmas\u0131n\u0131 sa\u011flamak ve ba\u015farma duygular\u0131n\u0131 art\u0131rmak, atletik v\u00fccuda ve din\u00e7 bir zihne sahip olmalar\u0131n\u0131 sa\u011flamak, v\u00fccudun \u015fekillenmesine yard\u0131mc\u0131 olarak kemik geli\u015fimini olumlu y\u00f6nde etkilemek amac\u0131yla Hentbol bran\u015f\u0131nda \u00a0temel e\u011fitim d\u00fczeyinde e\u011fitimlerini al\u0131p belirli seviye ula\u015f\u0131ld\u0131\u011f\u0131nda lisanslama i\u015flemleri yaparak Lisansl\u0131 sporcular\u0131m\u0131z olarak ulusal m\u00fcsabakalarda kul\u00fcb\u00fcm\u00fcz\u00fc ve \u015fehrimizi temsil etmelerini sa\u011fl\u0131yoruz<\/p><p>\u0130M\u0130DER ATLAS SPOR HENTBOL KI\u015e D\u00d6NEM\u0130 PROGRAMI<\/p><table width=\"638\"><tbody><tr><td width=\"154\"><p>GRUP<\/p><\/td><td width=\"177\"><p>G\u00dcNLER<\/p><\/td><td width=\"154\"><p>SAATLER<\/p><\/td><td width=\"154\"><p>DO\u011eUM TAR\u0130HLER\u0130<\/p><\/td><\/tr><tr><td width=\"154\"><p>K\u00dc\u00c7\u00dcK GRUP<\/p><\/td><td width=\"177\"><p>CUMARTES\u0130 &#8211; PAZAR<\/p><\/td><td width=\"154\"><p>16.30 &#8211; 18.00<\/p><\/td><td width=\"154\"><p>2010 &#8211; 2011 &#8211; 2012 -2013<\/p><\/td><\/tr><tr><td width=\"154\"><p>YILDIZ ERKEKLER<\/p><\/td><td width=\"177\"><p>SALI &#8211; PER\u015eEMBE &#8211; PAZAR<\/p><\/td><td width=\"154\"><p>20.30 &#8211; 22.00 (SALI &#8211; PER\u015eEMBE)<\/p><p>15.00 &#8211; 16.30 (PAZAR)<\/p><\/td><td width=\"154\"><p>2005 &#8211; 2006 &#8211; 2007 &#8211; 2008 &#8211; 2009<\/p><\/td><\/tr><tr><td width=\"154\"><p>YILDIZ KIZLAR<\/p><\/td><td width=\"177\"><p>PAZARTES\u0130 &#8211; \u00c7AR\u015eAMBA &#8211; CUMARTES\u0130<\/p><\/td><td width=\"154\"><p>20.00 &#8211; 21.30 (PAZARTES\u0130)<\/p><p>16.00 &#8211; 17.00 (\u00c7AR\u015eAMBA)<\/p><p>15.00 &#8211; 16.30 (CUMARTES\u0130)<\/p><\/td><td width=\"154\"><p>2005 &#8211; 2006 &#8211; 2007 &#8211; 2008 &#8211; 2009<\/p><\/td><\/tr><\/tbody><\/table><p><strong>*\u00a0<u>\u00d6\u011frenci say\u0131lar\u0131na g\u00f6re gruplarda de\u011fi\u015fiklik\u00a0yap\u0131labilir.<\/u><\/strong><\/p><p>K\u0131\u015f program\u0131na kay\u0131t yapt\u0131ran \u00f6\u011frencilerimizin gruplar\u0131 antren\u00f6rlerimiz taraf\u0131ndan yetenek ve seviyelerine g\u00f6re belirlenecektir.<\/p><p><strong><u>KAYIT ESNASINDA \u0130STENEN EVRAKLAR :<\/u><\/strong><\/p><p>*KAYIT FORMU<\/p><p>\u0130LET\u0130\u015e\u0130M:<\/p><p>info@inegolatlasspor.com<\/p><p>0532 411 04 77<\/p><p>0542 578 41 81<\/p>\t\t\t\t\t\t\t\t<\/div>\n\t\t\t\t<\/div>\n\t\t\t\t\t<\/div>\n\t\t<\/div>\n\t\t\t\t\t<\/div>\n\t\t<\/section>\n\t\t\t\t<\/div>\n\t\t","protected":false},"excerpt":{"rendered":"<p>\u0130mider Atlas Spor Hentbol Spor Okullar\u0131 olarak; \u00d6\u011frencilerimizin uzman antren\u00f6rler e\u015fli\u011finde hareketli, esnek ve kol, bacak kaslar\u0131n\u0131n g\u00fc\u00e7l\u00fc olmas\u0131n\u0131 sa\u011flamak, zihinsel becerileri geli\u015ftirmek, \u00f6\u011frencilerimizin azimli, istekli birey olmas\u0131n\u0131 sa\u011flamak ve ba\u015farma duygular\u0131n\u0131 art\u0131rmak, atletik v\u00fccuda ve din\u00e7 bir zihne sahip olmalar\u0131n\u0131 sa\u011flamak, v\u00fccudun \u015fekillenmesine yard\u0131mc\u0131 olarak kemik geli\u015fimini olumlu y\u00f6nde etkilemek amac\u0131yla Hentbol bran\u015f\u0131nda \u00a0temel [&hellip;]<\/p>\n","protected":false},"author":1,"featured_media":0,"parent":0,"menu_order":0,"comment_status":"closed","ping_status":"closed","template":"","meta":{"footnotes":""},"class_list":["post-48","page","type-page","status-publish","hentry"],"_links":{"self":[{"href":"http:\/\/www.inegolatlasspor.com\/index.php?rest_route=\/wp\/v2\/pages\/48","targetHints":{"allow":["GET"]}}],"collection":[{"href":"http:\/\/www.inegolatlasspor.com\/index.php?rest_route=\/wp\/v2\/pages"}],"about":[{"href":"http:\/\/www.inegolatlasspor.com\/index.php?rest_route=\/wp\/v2\/types\/page"}],"author":[{"embeddable":true,"href":"http:\/\/www.inegolatlasspor.com\/index.php?rest_route=\/wp\/v2\/users\/1"}],"replies":[{"embeddable":true,"href":"http:\/\/www.inegolatlasspor.com\/index.php?rest_route=%2Fwp%2Fv2%2Fcomments&post=48"}],"version-history":[{"count":4,"href":"http:\/\/www.inegolatlasspor.com\/index.php?rest_route=\/wp\/v2\/pages\/48\/revisions"}],"predecessor-version":[{"id":322,"href":"http:\/\/www.inegolatlasspor.com\/index.php?rest_route=\/wp\/v2\/pages\/48\/revisions\/322"}],"wp:attachment":[{"href":"http:\/\/www.inegolatlasspor.com\/index.php?rest_route=%2Fwp%2Fv2%2Fmedia&parent=48"}],"curies":[{"name":"wp","href":"https:\/\/api.w.org\/{rel}","templated":true}]}}