{"id":47,"date":"2022-02-28T08:36:58","date_gmt":"2022-02-28T08:36:58","guid":{"rendered":"http:\/\/www.inegolatlasspor.com\/?page_id=47"},"modified":"2023-02-02T20:28:16","modified_gmt":"2023-02-02T20:28:16","slug":"masa-tenisi","status":"publish","type":"page","link":"http:\/\/www.inegolatlasspor.com\/?page_id=47","title":{"rendered":"Masa Tenisi"},"content":{"rendered":"\t\t<div data-elementor-type=\"wp-page\" data-elementor-id=\"47\" class=\"elementor elementor-47\">\n\t\t\t\t\t\t<section class=\"elementor-section elementor-top-section elementor-element elementor-element-4943686 elementor-section-boxed elementor-section-height-default elementor-section-height-default\" data-id=\"4943686\" data-element_type=\"section\" data-e-type=\"section\">\n\t\t\t\t\t\t<div class=\"elementor-container elementor-column-gap-default\">\n\t\t\t\t\t<div class=\"elementor-column elementor-col-100 elementor-top-column elementor-element elementor-element-22b6e70\" data-id=\"22b6e70\" data-element_type=\"column\" data-e-type=\"column\">\n\t\t\t<div class=\"elementor-widget-wrap elementor-element-populated\">\n\t\t\t\t\t\t<div class=\"elementor-element elementor-element-e779b3e elementor-widget elementor-widget-text-editor\" data-id=\"e779b3e\" data-element_type=\"widget\" data-e-type=\"widget\" data-widget_type=\"text-editor.default\">\n\t\t\t\t<div class=\"elementor-widget-container\">\n\t\t\t\t\t\t\t\t\t<p>\u0130mider Atlas Spor Kul\u00fcb\u00fc Spor Okullar\u0131 m\u00fcmk\u00fcn oldu\u011funca fazla \u00a0spora yatk\u0131n, yetenekli ve ilerlemek isteyen masa tenisi \u00f6\u011frencilerine imk\u00e2n vererek ba\u015far\u0131l\u0131, yetenekli \u00e7ocuk ve gen\u00e7lerin kul\u00fcbe kazand\u0131r\u0131lmas\u0131 i\u00e7in gerekli \u00e7al\u0131\u015fmalar\u0131n\u0131 s\u00fcrd\u00fcr\u00fcr.<\/p><p>\u00a0<\/p><p>\u00c7ocuk ve gen\u00e7lere ba\u015far\u0131, rekabet\u00e7ilik yan\u0131nda, sporu bir ya\u015fam bi\u00e7imi ve k\u00fclt\u00fcr olarak benimsetmek i\u00e7in gerekli yakla\u015f\u0131mlar\u0131 sergiler.<br \/><br \/>Spordaki ba\u015far\u0131s\u0131n\u0131 \u00f6\u011frenim hayat\u0131na da yans\u0131tan, akademik a\u00e7\u0131dan g\u00fc\u00e7l\u00fc \u00f6\u011frencileri Kul\u00fcb\u00fcm\u00fcz b\u00fcnyesinde yeti\u015ftirebilmek i\u00e7in u\u011fra\u015f\u0131r.<br \/><br \/>Hedeflere ula\u015fmak i\u00e7in organizasyonlar, etkinlikler, kamplar, e\u011fitici seminerler ve turnuvalar d\u00fczenler.<\/p><p>\u00a0<\/p><p>\u00a0<\/p><p>\u0130M\u0130DER ATLAS SPOR MASA TEN\u0130S\u0130 KI\u015e D\u00d6NEM\u0130 PROGRAMI<\/p><table><tbody><tr><td width=\"154\"><p>G\u00dcNLER<\/p><\/td><td width=\"154\"><p>SAATLER<\/p><\/td><\/tr><tr><td width=\"154\"><p>CUMARTES\u0130 &#8211; PAZAR<\/p><\/td><td width=\"154\"><p>15.00 &#8211; 17.00<\/p><\/td><\/tr><\/tbody><\/table><p><strong>\u00a0<\/strong><\/p><p><strong>*\u00a0<u>\u00d6\u011frenci say\u0131lar\u0131na g\u00f6re gruplarda de\u011fi\u015fiklik\u00a0yap\u0131labilir.<\/u><\/strong><\/p><p>K\u0131\u015f program\u0131na kay\u0131t yapt\u0131ran \u00f6\u011frencilerimizin gruplar\u0131 antren\u00f6rlerimiz taraf\u0131ndan yetenek ve seviyelerine g\u00f6re belirlenecektir.<\/p><p><strong><u>KAYIT ESNASINDA \u0130STENEN EVRAKLAR :<\/u><\/strong><\/p><p>*KAYIT FORMU<\/p><p>\u0130LET\u0130\u015e\u0130M:<\/p><p>info@inegolatlasspor.com<\/p><p>0532 411 04 77<\/p><p>0505 652 56 50<\/p><p>\u00a0<\/p>\t\t\t\t\t\t\t\t<\/div>\n\t\t\t\t<\/div>\n\t\t\t\t\t<\/div>\n\t\t<\/div>\n\t\t\t\t\t<\/div>\n\t\t<\/section>\n\t\t\t\t<\/div>\n\t\t","protected":false},"excerpt":{"rendered":"<p>\u0130mider Atlas Spor Kul\u00fcb\u00fc Spor Okullar\u0131 m\u00fcmk\u00fcn oldu\u011funca fazla \u00a0spora yatk\u0131n, yetenekli ve ilerlemek isteyen masa tenisi \u00f6\u011frencilerine imk\u00e2n vererek ba\u015far\u0131l\u0131, yetenekli \u00e7ocuk ve gen\u00e7lerin kul\u00fcbe kazand\u0131r\u0131lmas\u0131 i\u00e7in gerekli \u00e7al\u0131\u015fmalar\u0131n\u0131 s\u00fcrd\u00fcr\u00fcr. \u00a0 \u00c7ocuk ve gen\u00e7lere ba\u015far\u0131, rekabet\u00e7ilik yan\u0131nda, sporu bir ya\u015fam bi\u00e7imi ve k\u00fclt\u00fcr olarak benimsetmek i\u00e7in gerekli yakla\u015f\u0131mlar\u0131 sergiler. Spordaki ba\u015far\u0131s\u0131n\u0131 \u00f6\u011frenim hayat\u0131na da [&hellip;]<\/p>\n","protected":false},"author":1,"featured_media":0,"parent":0,"menu_order":0,"comment_status":"closed","ping_status":"closed","template":"","meta":{"footnotes":""},"class_list":["post-47","page","type-page","status-publish","hentry"],"_links":{"self":[{"href":"http:\/\/www.inegolatlasspor.com\/index.php?rest_route=\/wp\/v2\/pages\/47","targetHints":{"allow":["GET"]}}],"collection":[{"href":"http:\/\/www.inegolatlasspor.com\/index.php?rest_route=\/wp\/v2\/pages"}],"about":[{"href":"http:\/\/www.inegolatlasspor.com\/index.php?rest_route=\/wp\/v2\/types\/page"}],"author":[{"embeddable":true,"href":"http:\/\/www.inegolatlasspor.com\/index.php?rest_route=\/wp\/v2\/users\/1"}],"replies":[{"embeddable":true,"href":"http:\/\/www.inegolatlasspor.com\/index.php?rest_route=%2Fwp%2Fv2%2Fcomments&post=47"}],"version-history":[{"count":4,"href":"http:\/\/www.inegolatlasspor.com\/index.php?rest_route=\/wp\/v2\/pages\/47\/revisions"}],"predecessor-version":[{"id":316,"href":"http:\/\/www.inegolatlasspor.com\/index.php?rest_route=\/wp\/v2\/pages\/47\/revisions\/316"}],"wp:attachment":[{"href":"http:\/\/www.inegolatlasspor.com\/index.php?rest_route=%2Fwp%2Fv2%2Fmedia&parent=47"}],"curies":[{"name":"wp","href":"https:\/\/api.w.org\/{rel}","templated":true}]}}