{"id":46,"date":"2022-02-28T08:36:58","date_gmt":"2022-02-28T08:36:58","guid":{"rendered":"http:\/\/www.inegolatlasspor.com\/?page_id=46"},"modified":"2023-02-02T20:26:18","modified_gmt":"2023-02-02T20:26:18","slug":"yuzme","status":"publish","type":"page","link":"http:\/\/www.inegolatlasspor.com\/?page_id=46","title":{"rendered":"Y\u00fczme"},"content":{"rendered":"\t\t<div data-elementor-type=\"wp-page\" data-elementor-id=\"46\" class=\"elementor elementor-46\">\n\t\t\t\t\t\t<section class=\"elementor-section elementor-top-section elementor-element elementor-element-76549e3 elementor-section-boxed elementor-section-height-default elementor-section-height-default\" data-id=\"76549e3\" data-element_type=\"section\" data-e-type=\"section\">\n\t\t\t\t\t\t<div class=\"elementor-container elementor-column-gap-default\">\n\t\t\t\t\t<div class=\"elementor-column elementor-col-100 elementor-top-column elementor-element elementor-element-17839b2\" data-id=\"17839b2\" data-element_type=\"column\" data-e-type=\"column\">\n\t\t\t<div class=\"elementor-widget-wrap elementor-element-populated\">\n\t\t\t\t\t\t<div class=\"elementor-element elementor-element-db8d895 elementor-widget elementor-widget-text-editor\" data-id=\"db8d895\" data-element_type=\"widget\" data-e-type=\"widget\" data-widget_type=\"text-editor.default\">\n\t\t\t\t<div class=\"elementor-widget-container\">\n\t\t\t\t\t\t\t\t\t<p>\u0130mider Atlas Spor Kul\u00fcb\u00fc Y\u00fczme Spor Okulu&#8217;muzun \u00f6ncelikle amac\u0131; sporla birlikte sa\u011fl\u0131kl\u0131 nesiller yeti\u015fmesi i\u00e7in \u00e7ocuk ve gen\u00e7lere en do\u011fru \u015fekilde y\u00fczme \u00f6\u011fretmek bunu \u00f6\u011fretirken y\u00fczme sporunu sevdirmektir.<\/p><p>Haftan\u0131n \u00fc\u00e7 ak\u015fam\u0131 \u00f6zel e\u011fitim havuzumuzda alan\u0131nda uzman \u00f6\u011fretmenler e\u015fli\u011finde programlar\u0131m\u0131z May\u0131s &#8211; Ekim aylar\u0131 aras\u0131nda 12&#8217;\u015fer ki\u015filik gruplar halinde d\u00fczenlenmektedir.<\/p><p>\u00a0<\/p><p>\u00a0<\/p><p>\u0130M\u0130DER ATLAS SPOR Y\u00dcZME PROGRAMI<\/p><table><tbody><tr><td width=\"154\"><p>GRUP<\/p><\/td><td width=\"154\"><p>G\u00dcNLER<\/p><\/td><td width=\"154\"><p>SAATLER<\/p><\/td><td width=\"154\"><p>DO\u011eUM TAR\u0130H\u0130<\/p><\/td><\/tr><tr><td width=\"154\"><p>K\u00dc\u00c7\u00dcK GRUP<\/p><\/td><td width=\"154\"><p>PAZARTES\u0130 &#8211; \u00c7AR\u015eAMBA &#8211; CUMA<\/p><\/td><td width=\"154\"><p>18.30 &#8211; 19.30<\/p><\/td><td width=\"154\"><p>2016 &#8211; 2017 &#8211; 2018 &#8211; 2019<\/p><\/td><\/tr><tr><td width=\"154\"><p>B\u00dcY\u00dcK GRUP<\/p><\/td><td width=\"154\"><p>PAZARTES\u0130 &#8211; \u00c7AR\u015eAMBA &#8211; CUMA<\/p><\/td><td width=\"154\"><p>19.30 &#8211; 20.30<\/p><\/td><td width=\"154\"><p>2012 &#8211; 2013 &#8211; 2014 &#8211; 2015<\/p><\/td><\/tr><\/tbody><\/table><p><strong>\u00a0<\/strong><\/p><p><strong><u>KAYIT ESNASINDA \u0130STENEN EVRAKLAR :<\/u><\/strong><\/p><p>*KAYIT FORMU<\/p><p>\u0130LET\u0130\u015e\u0130M:<\/p><p>info@inegolatlasspor.com<\/p><p>0532 411 04 77<\/p>\t\t\t\t\t\t\t\t<\/div>\n\t\t\t\t<\/div>\n\t\t\t\t\t<\/div>\n\t\t<\/div>\n\t\t\t\t\t<\/div>\n\t\t<\/section>\n\t\t\t\t<\/div>\n\t\t","protected":false},"excerpt":{"rendered":"<p>\u0130mider Atlas Spor Kul\u00fcb\u00fc Y\u00fczme Spor Okulu&#8217;muzun \u00f6ncelikle amac\u0131; sporla birlikte sa\u011fl\u0131kl\u0131 nesiller yeti\u015fmesi i\u00e7in \u00e7ocuk ve gen\u00e7lere en do\u011fru \u015fekilde y\u00fczme \u00f6\u011fretmek bunu \u00f6\u011fretirken y\u00fczme sporunu sevdirmektir. Haftan\u0131n \u00fc\u00e7 ak\u015fam\u0131 \u00f6zel e\u011fitim havuzumuzda alan\u0131nda uzman \u00f6\u011fretmenler e\u015fli\u011finde programlar\u0131m\u0131z May\u0131s &#8211; Ekim aylar\u0131 aras\u0131nda 12&#8217;\u015fer ki\u015filik gruplar halinde d\u00fczenlenmektedir. \u00a0 \u00a0 \u0130M\u0130DER ATLAS SPOR Y\u00dcZME [&hellip;]<\/p>\n","protected":false},"author":1,"featured_media":0,"parent":0,"menu_order":0,"comment_status":"closed","ping_status":"closed","template":"","meta":{"footnotes":""},"class_list":["post-46","page","type-page","status-publish","hentry"],"_links":{"self":[{"href":"http:\/\/www.inegolatlasspor.com\/index.php?rest_route=\/wp\/v2\/pages\/46","targetHints":{"allow":["GET"]}}],"collection":[{"href":"http:\/\/www.inegolatlasspor.com\/index.php?rest_route=\/wp\/v2\/pages"}],"about":[{"href":"http:\/\/www.inegolatlasspor.com\/index.php?rest_route=\/wp\/v2\/types\/page"}],"author":[{"embeddable":true,"href":"http:\/\/www.inegolatlasspor.com\/index.php?rest_route=\/wp\/v2\/users\/1"}],"replies":[{"embeddable":true,"href":"http:\/\/www.inegolatlasspor.com\/index.php?rest_route=%2Fwp%2Fv2%2Fcomments&post=46"}],"version-history":[{"count":4,"href":"http:\/\/www.inegolatlasspor.com\/index.php?rest_route=\/wp\/v2\/pages\/46\/revisions"}],"predecessor-version":[{"id":313,"href":"http:\/\/www.inegolatlasspor.com\/index.php?rest_route=\/wp\/v2\/pages\/46\/revisions\/313"}],"wp:attachment":[{"href":"http:\/\/www.inegolatlasspor.com\/index.php?rest_route=%2Fwp%2Fv2%2Fmedia&parent=46"}],"curies":[{"name":"wp","href":"https:\/\/api.w.org\/{rel}","templated":true}]}}