{"id":45,"date":"2022-02-28T08:36:58","date_gmt":"2022-02-28T08:36:58","guid":{"rendered":"http:\/\/www.inegolatlasspor.com\/?page_id=45"},"modified":"2023-02-02T20:24:51","modified_gmt":"2023-02-02T20:24:51","slug":"voleybol","status":"publish","type":"page","link":"http:\/\/www.inegolatlasspor.com\/?page_id=45","title":{"rendered":"Voleybol"},"content":{"rendered":"\t\t<div data-elementor-type=\"wp-page\" data-elementor-id=\"45\" class=\"elementor elementor-45\">\n\t\t\t\t\t\t<section class=\"elementor-section elementor-top-section elementor-element elementor-element-d290d3d elementor-section-boxed elementor-section-height-default elementor-section-height-default\" data-id=\"d290d3d\" data-element_type=\"section\" data-e-type=\"section\">\n\t\t\t\t\t\t<div class=\"elementor-container elementor-column-gap-default\">\n\t\t\t\t\t<div class=\"elementor-column elementor-col-100 elementor-top-column elementor-element elementor-element-96fa309\" data-id=\"96fa309\" data-element_type=\"column\" data-e-type=\"column\">\n\t\t\t<div class=\"elementor-widget-wrap elementor-element-populated\">\n\t\t\t\t\t\t<div class=\"elementor-element elementor-element-356cb8d elementor-widget elementor-widget-text-editor\" data-id=\"356cb8d\" data-element_type=\"widget\" data-e-type=\"widget\" data-widget_type=\"text-editor.default\">\n\t\t\t\t<div class=\"elementor-widget-container\">\n\t\t\t\t\t\t\t\t\t<p>\u0130mider Atlas Spor Voleybol Okullar\u0131n\u0131n amac\u0131; e\u011fitim kalitesinden \u00f6d\u00fcn vermeden, m\u00fcmk\u00fcn oldu\u011fu kadar \u00e7ok say\u0131da \u00f6\u011frenciye kaliteli bir ortamda spor yapma olana\u011f\u0131 sa\u011flamak ve \u00f6\u011frencileri tak\u0131m kadrolar\u0131na haz\u0131rlamakt\u0131r. \u00c7a\u011fda\u015f, g\u00fcvenli ve sa\u011fl\u0131kl\u0131 spor alanlar\u0131nda \u00e7ocuklar\u0131m\u0131z\u0131n talep ve beklentilerini tam olarak kar\u015f\u0131layarak ko\u015fulsuz sporcu memnuniyetini sa\u011flayabilen, sporu yayabilen ve yayg\u0131n olarak yapt\u0131rabilen; centilmenlik ruhuna sahip, rakibine sayg\u0131 duyan, kendisini \u00f6nemseyen, \u00e7evresini koruyan, arkada\u015flar\u0131n\u0131, ailesini, \u00fclkesini seven ve milli tak\u0131mlarda hizmet verebilmeyi de hedefleyen ve Atlas Spor ruhunu ta\u015f\u0131yan sporcular yeti\u015ftirebilmektir.\u00a0<br \/><br \/>E\u011fitimimiz, yaln\u0131zca belirli bir spor bran\u015f\u0131n\u0131 hedef alan teknik e\u011fitim de\u011fil, \u00f6\u011frencilerin fiziksel, ruhsal ve sosyal geli\u015fimlerini kapsayan \u00e7ok y\u00f6nl\u00fc bir e\u011fitimdir.\u00a0<br \/><br \/>Voleybol okulundaki \u00e7al\u0131\u015fma sistemi; geli\u015fim d\u00f6nemindeki \u00f6\u011frenciler \u00fczerinde, yaln\u0131zca fiziksel \u00e7al\u0131\u015fma ve geli\u015fim a\u011f\u0131rl\u0131kl\u0131 de\u011fildir. \u00d6\u011frenciler spor yaparak sosyal bir \u00e7evre i\u00e7inde kendilerini tan\u0131mak, bir ekibe kat\u0131lmak, ekip \u00fcyesi olarak m\u00fccadele etmek, payla\u015fmak, \u00f6z \u00e7al\u0131\u015fma disiplinini kazanmak f\u0131rsat\u0131n\u0131 bulurlar.\u00a0<br \/><br \/>Voleybol Okullar\u0131na devam eden sporcular\u0131n belirli aral\u0131klarla yap\u0131lan d\u00fczey belirleme testlerinin sonu\u00e7lar\u0131na ba\u011fl\u0131 olarak sporcular bir ileri d\u00fczeyde \u00e7al\u0131\u015fan gruba kat\u0131labilir veya kendi gruplar\u0131nda \u00e7al\u0131\u015fmalar\u0131n\u0131 s\u00fcrd\u00fcrebilirler.<\/p><p>\u00a0<\/p><p>\u00a0<\/p><p>\u0130M\u0130DER ATLAS SPOR\u00a0 VOLEYBOL KI\u015e D\u00d6NEM\u0130 PROGRAMI<\/p><table><tbody><tr><td width=\"154\"><p>GRUP<\/p><\/td><td width=\"154\"><p>G\u00dcNLER<\/p><\/td><td width=\"154\"><p>SAATLER<\/p><\/td><td width=\"154\"><p>DO\u011eUM TAR\u0130HLER\u0130<\/p><\/td><\/tr><tr><td width=\"154\"><p>YILDIZ ERKEKLER<\/p><\/td><td width=\"154\"><p>CUMARTES\u0130 &#8211; PAZAR<\/p><\/td><td width=\"154\"><p>19.00 &#8211; 20.30<\/p><\/td><td width=\"154\"><p>2006 &#8211; 2007 &#8211; 2008 -2009<\/p><\/td><\/tr><tr><td width=\"154\"><p>M\u0130D\u0130 KIZLAR &#8211; 1<\/p><\/td><td width=\"154\"><p>\u00c7AR\u015eAMBA &#8211; PAZAR<\/p><\/td><td width=\"154\"><p>17.30 &#8211; 19.00 (\u00c7AR\u015eAMBA)<\/p><p>16.00 &#8211; 17.30 (PAZAR)<\/p><\/td><td width=\"154\"><p>2011 &#8211; 2012<\/p><\/td><\/tr><tr><td width=\"154\"><p>M\u0130D\u0130 KIZLAR &#8211; 2<\/p><\/td><td width=\"154\"><p>SALI &#8211; PER\u015eEMBE &#8211; CUMARTES\u0130<\/p><\/td><td width=\"154\"><p>18.30 &#8211; 20.00 (SALI -PER\u015eEMBE)<\/p><p>14.30 &#8211; 16.00 (CUMARTES\u0130)<\/p><\/td><td width=\"154\"><p>2011 &#8211; 2012<\/p><\/td><\/tr><tr><td width=\"154\"><p>K\u00dc\u00c7\u00dcK KIZLAR &#8211; 1<\/p><\/td><td width=\"154\"><p>PAZARTES\u0130 &#8211; PAZAR<\/p><\/td><td width=\"154\"><p>17.30 &#8211; 19.00 (PAZARTES\u0130)<\/p><p>14.30 &#8211; 16.00 (PAZAR)<\/p><\/td><td width=\"154\"><p>2009 &#8211; 2010<\/p><\/td><\/tr><tr><td width=\"154\"><p>K\u00dc\u00c7\u00dcK KIZLAR &#8211; 2<\/p><\/td><td width=\"154\"><p>SALI &#8211; PER\u015eEMBE &#8211; CUMARTES\u0130<\/p><\/td><td width=\"154\"><p>20.00 &#8211; 21.30 (SALI -PER\u015eEMBE)<\/p><p>16.00 &#8211; 17.30 (CUMARTES\u0130)<\/p><\/td><td width=\"154\"><p>2009 &#8211; 2010<\/p><\/td><\/tr><\/tbody><\/table><p><strong>\u00a0<\/strong><\/p><p><strong>*\u00a0<u>\u00d6\u011frenci say\u0131lar\u0131na g\u00f6re gruplarda de\u011fi\u015fiklik\u00a0yap\u0131labilir.<\/u><\/strong><\/p><p>K\u0131\u015f program\u0131na kay\u0131t yapt\u0131ran \u00f6\u011frencilerimizin gruplar\u0131 antren\u00f6rlerimiz taraf\u0131ndan yetenek ve seviyelerine g\u00f6re belirlenecektir.<\/p><p><strong><u>KAYIT ESNASINDA \u0130STENEN EVRAKLAR :<\/u><\/strong><\/p><p>*KAYIT FORMU<\/p><p>\u0130LET\u0130\u015e\u0130M:<\/p><p>info@inegolatlasspor.com<\/p><p>0532 411 04 77<\/p><p>0538 543 59 42<\/p>\t\t\t\t\t\t\t\t<\/div>\n\t\t\t\t<\/div>\n\t\t\t\t\t<\/div>\n\t\t<\/div>\n\t\t\t\t\t<\/div>\n\t\t<\/section>\n\t\t\t\t<\/div>\n\t\t","protected":false},"excerpt":{"rendered":"<p>\u0130mider Atlas Spor Voleybol Okullar\u0131n\u0131n amac\u0131; e\u011fitim kalitesinden \u00f6d\u00fcn vermeden, m\u00fcmk\u00fcn oldu\u011fu kadar \u00e7ok say\u0131da \u00f6\u011frenciye kaliteli bir ortamda spor yapma olana\u011f\u0131 sa\u011flamak ve \u00f6\u011frencileri tak\u0131m kadrolar\u0131na haz\u0131rlamakt\u0131r. \u00c7a\u011fda\u015f, g\u00fcvenli ve sa\u011fl\u0131kl\u0131 spor alanlar\u0131nda \u00e7ocuklar\u0131m\u0131z\u0131n talep ve beklentilerini tam olarak kar\u015f\u0131layarak ko\u015fulsuz sporcu memnuniyetini sa\u011flayabilen, sporu yayabilen ve yayg\u0131n olarak yapt\u0131rabilen; centilmenlik ruhuna sahip, rakibine [&hellip;]<\/p>\n","protected":false},"author":1,"featured_media":0,"parent":0,"menu_order":0,"comment_status":"closed","ping_status":"closed","template":"","meta":{"footnotes":""},"class_list":["post-45","page","type-page","status-publish","hentry"],"_links":{"self":[{"href":"http:\/\/www.inegolatlasspor.com\/index.php?rest_route=\/wp\/v2\/pages\/45","targetHints":{"allow":["GET"]}}],"collection":[{"href":"http:\/\/www.inegolatlasspor.com\/index.php?rest_route=\/wp\/v2\/pages"}],"about":[{"href":"http:\/\/www.inegolatlasspor.com\/index.php?rest_route=\/wp\/v2\/types\/page"}],"author":[{"embeddable":true,"href":"http:\/\/www.inegolatlasspor.com\/index.php?rest_route=\/wp\/v2\/users\/1"}],"replies":[{"embeddable":true,"href":"http:\/\/www.inegolatlasspor.com\/index.php?rest_route=%2Fwp%2Fv2%2Fcomments&post=45"}],"version-history":[{"count":4,"href":"http:\/\/www.inegolatlasspor.com\/index.php?rest_route=\/wp\/v2\/pages\/45\/revisions"}],"predecessor-version":[{"id":310,"href":"http:\/\/www.inegolatlasspor.com\/index.php?rest_route=\/wp\/v2\/pages\/45\/revisions\/310"}],"wp:attachment":[{"href":"http:\/\/www.inegolatlasspor.com\/index.php?rest_route=%2Fwp%2Fv2%2Fmedia&parent=45"}],"curies":[{"name":"wp","href":"https:\/\/api.w.org\/{rel}","templated":true}]}}