{"id":44,"date":"2022-02-28T08:36:58","date_gmt":"2022-02-28T08:36:58","guid":{"rendered":"http:\/\/www.inegolatlasspor.com\/?page_id=44"},"modified":"2023-02-02T20:18:05","modified_gmt":"2023-02-02T20:18:05","slug":"basketbol","status":"publish","type":"page","link":"http:\/\/www.inegolatlasspor.com\/?page_id=44","title":{"rendered":"Basketbol"},"content":{"rendered":"\t\t<div data-elementor-type=\"wp-page\" data-elementor-id=\"44\" class=\"elementor elementor-44\">\n\t\t\t\t\t\t<section class=\"elementor-section elementor-top-section elementor-element elementor-element-3571d16 elementor-section-boxed elementor-section-height-default elementor-section-height-default\" data-id=\"3571d16\" data-element_type=\"section\" data-e-type=\"section\">\n\t\t\t\t\t\t<div class=\"elementor-container elementor-column-gap-default\">\n\t\t\t\t\t<div class=\"elementor-column elementor-col-100 elementor-top-column elementor-element elementor-element-493ec04\" data-id=\"493ec04\" data-element_type=\"column\" data-e-type=\"column\">\n\t\t\t<div class=\"elementor-widget-wrap elementor-element-populated\">\n\t\t\t\t\t\t<div class=\"elementor-element elementor-element-b870969 elementor-widget elementor-widget-text-editor\" data-id=\"b870969\" data-element_type=\"widget\" data-e-type=\"widget\" data-widget_type=\"text-editor.default\">\n\t\t\t\t<div class=\"elementor-widget-container\">\n\t\t\t\t\t\t\t\t\t<p>\u0130mider Atlas Spor Basketbol Spor Okullar\u0131 olarak;<\/p><p>\u00c7ocuklara ve gen\u00e7lere sevdikleri ve istedikleri \u015feyler i\u00e7in \u00e7al\u0131\u015fmalar\u0131, fedak\u00e2rl\u0131k ve m\u00fccadele etmeleri gerekti\u011fi bilincini a\u015f\u0131layarak, onlara, kendilerine hangi meslek ve kariyeri se\u00e7erlerse se\u00e7sinler faydas\u0131n\u0131 g\u00f6recekleri \u00e7al\u0131\u015fma al\u0131\u015fkanl\u0131k ve disiplinini kazand\u0131rmak.<br \/><br \/>Spor k\u00fclt\u00fcr\u00fcn\u00fc ve spor ahlak\u0131n\u0131 gen\u00e7 ya\u015flarda kazand\u0131r\u0131p, onlar\u0131n spor k\u00fclt\u00fcr\u00fcn\u00fc genel k\u00fclt\u00fcrlerinin, spor ahlak\u0131n\u0131 genel ahlaklar\u0131n\u0131n birer par\u00e7as\u0131 haline getirmelerini, rakiplerine ve eme\u011fe sayg\u0131 duymalar\u0131n\u0131 sa\u011flamak, galibiyet sevincini de, ma\u011flubiyet \u00fcz\u00fcnt\u00fcs\u00fcn\u00fc de \u00f6l\u00e7\u00fcl\u00fc ya\u015famalar\u0131 gerekti\u011fini \u00f6\u011freterek, onlara k\u00fclt\u00fcrel, ahlaki ve duygusal geli\u015fim s\u00fcre\u00e7lerinde k\u0131lavuz olmak.<br \/><br \/>Spor yapabilecekleri, enerjilerini do\u011fru yerlere y\u00f6nlendirerek k\u00f6t\u00fc al\u0131\u015fkanl\u0131klardan uzak duracaklar\u0131, zihnen ve bedenen sa\u011fl\u0131kl\u0131 bireyler haline gelmelerini sa\u011flayacak ortam ve imk\u00e2nlar\u0131 yaratmak.<br \/><br \/>Sporcular\u0131; ba\u015fta \u00a0basketbolu se\u00e7en gen\u00e7lere bu sporun temel tekniklerini ve bu sporda ilerlemek isteyenlere basketbolun inceliklerini \u00f6\u011fretmek.<br \/><br \/>\u00d6ncelikli olarak kul\u00fcb\u00fcm\u00fcze; T\u00fcrk Sporuna ve Milli Tak\u0131mlara yeni yetenekler kazand\u0131rmak.<br \/><br \/>Sporu bir ara\u00e7 olarak kullanarak, gen\u00e7lerin e\u011fitimlerine, k\u00fclt\u00fcrel ve ahlaki geli\u015fimlerine k\u0131lavuz ve yard\u0131mc\u0131 olmak.<\/p><p><br \/>Gen\u00e7leri ba\u011f\u0131ms\u0131z, kendilerine g\u00fcvenen, ancak bireysel olarak ula\u015fabileceklerinden daha b\u00fcy\u00fck hedefler i\u00e7in tak\u0131m \u00e7al\u0131\u015fmas\u0131n\u0131n gere\u011fini ve \u00f6nemini anlayan, bu tip \u00e7al\u0131\u015fmaya a\u00e7\u0131k, yatk\u0131n ve elveri\u015fli bireyler haline getirmek, onlara payla\u015fma, yard\u0131mla\u015fma ve dayan\u0131\u015fman\u0131n anlam\u0131n\u0131, gere\u011fini ve g\u00fcc\u00fcn\u00fc \u00f6\u011fretmek olarak hedeflerimizi olu\u015fturmaktay\u0131z.<\/p><p>\u00a0<\/p><p>\u0130M\u0130DER ATLAS SPOR BASKETBOL KI\u015e D\u00d6NEM\u0130 PROGRAMI<\/p><table><tbody><tr><td width=\"154\"><p>GRUP<\/p><\/td><td width=\"154\"><p>G\u00dcNLER<\/p><\/td><td width=\"154\"><p>SAATLER<\/p><\/td><td width=\"154\"><p>DO\u011eUM TAR\u0130HLER\u0130<\/p><\/td><\/tr><tr><td width=\"154\"><p>K\u00dc\u00c7\u00dcK GRUP<\/p><\/td><td width=\"154\"><p>CUMARTES\u0130 &#8211; PAZAR<\/p><\/td><td width=\"154\"><p>11.00 &#8211; 12.30<\/p><\/td><td width=\"154\"><p>2013 &#8211; 2014 &#8211; 2015 -2016<\/p><\/td><\/tr><tr><td width=\"154\"><p>ORTA GRUP<\/p><\/td><td width=\"154\"><p>CUMARTES\u0130 &#8211; PAZAR<\/p><\/td><td width=\"154\"><p>12.30 &#8211; 14.00<\/p><\/td><td width=\"154\"><p>2010 &#8211; 2011 &#8211; 2012<\/p><\/td><\/tr><tr><td width=\"154\"><p>YILDIZ ERKEKLER<\/p><\/td><td width=\"154\"><p>PAZARTES\u0130 &#8211; \u00c7AR\u015eAMBA &#8211; CUMA<\/p><\/td><td width=\"154\"><p>20.00 &#8211; 21.30<\/p><\/td><td width=\"154\"><p>2006 &#8211; 2007 &#8211; 2008 &#8211; 2009<\/p><\/td><\/tr><tr><td width=\"154\"><p>GEN\u00c7 KIZLAR<\/p><\/td><td width=\"154\"><p>SALI &#8211; PER\u015eEMBE<\/p><\/td><td width=\"154\"><p>16.30 &#8211; 18.00<\/p><\/td><td width=\"154\"><p>2006 &#8211; 2007 &#8211; 2008 &#8211; 2009<\/p><\/td><\/tr><\/tbody><\/table><p><strong>*\u00a0<u>\u00d6\u011frenci say\u0131lar\u0131na g\u00f6re gruplarda de\u011fi\u015fiklik\u00a0yap\u0131labilir.<\/u><\/strong><\/p><p>K\u0131\u015f program\u0131na kay\u0131t yapt\u0131ran \u00f6\u011frencilerimizin gruplar\u0131 antren\u00f6rlerimiz taraf\u0131ndan yetenek ve seviyelerine g\u00f6re belirlenecektir.<\/p><p><strong><u>KAYIT ESNASINDA \u0130STENEN EVRAKLAR :<\/u><\/strong><\/p><p>*KAYIT FORMU<\/p><p>\u0130LET\u0130\u015e\u0130M:<\/p><p>info@inegolatlasspor.com<\/p><p>0532 411 04 77<\/p><p>0505 757 83 85<\/p>\t\t\t\t\t\t\t\t<\/div>\n\t\t\t\t<\/div>\n\t\t\t\t\t<\/div>\n\t\t<\/div>\n\t\t\t\t\t<\/div>\n\t\t<\/section>\n\t\t\t\t<\/div>\n\t\t","protected":false},"excerpt":{"rendered":"<p>\u0130mider Atlas Spor Basketbol Spor Okullar\u0131 olarak; \u00c7ocuklara ve gen\u00e7lere sevdikleri ve istedikleri \u015feyler i\u00e7in \u00e7al\u0131\u015fmalar\u0131, fedak\u00e2rl\u0131k ve m\u00fccadele etmeleri gerekti\u011fi bilincini a\u015f\u0131layarak, onlara, kendilerine hangi meslek ve kariyeri se\u00e7erlerse se\u00e7sinler faydas\u0131n\u0131 g\u00f6recekleri \u00e7al\u0131\u015fma al\u0131\u015fkanl\u0131k ve disiplinini kazand\u0131rmak. Spor k\u00fclt\u00fcr\u00fcn\u00fc ve spor ahlak\u0131n\u0131 gen\u00e7 ya\u015flarda kazand\u0131r\u0131p, onlar\u0131n spor k\u00fclt\u00fcr\u00fcn\u00fc genel k\u00fclt\u00fcrlerinin, spor ahlak\u0131n\u0131 genel ahlaklar\u0131n\u0131n [&hellip;]<\/p>\n","protected":false},"author":1,"featured_media":0,"parent":0,"menu_order":0,"comment_status":"closed","ping_status":"closed","template":"","meta":{"footnotes":""},"class_list":["post-44","page","type-page","status-publish","hentry"],"_links":{"self":[{"href":"http:\/\/www.inegolatlasspor.com\/index.php?rest_route=\/wp\/v2\/pages\/44","targetHints":{"allow":["GET"]}}],"collection":[{"href":"http:\/\/www.inegolatlasspor.com\/index.php?rest_route=\/wp\/v2\/pages"}],"about":[{"href":"http:\/\/www.inegolatlasspor.com\/index.php?rest_route=\/wp\/v2\/types\/page"}],"author":[{"embeddable":true,"href":"http:\/\/www.inegolatlasspor.com\/index.php?rest_route=\/wp\/v2\/users\/1"}],"replies":[{"embeddable":true,"href":"http:\/\/www.inegolatlasspor.com\/index.php?rest_route=%2Fwp%2Fv2%2Fcomments&post=44"}],"version-history":[{"count":8,"href":"http:\/\/www.inegolatlasspor.com\/index.php?rest_route=\/wp\/v2\/pages\/44\/revisions"}],"predecessor-version":[{"id":307,"href":"http:\/\/www.inegolatlasspor.com\/index.php?rest_route=\/wp\/v2\/pages\/44\/revisions\/307"}],"wp:attachment":[{"href":"http:\/\/www.inegolatlasspor.com\/index.php?rest_route=%2Fwp%2Fv2%2Fmedia&parent=44"}],"curies":[{"name":"wp","href":"https:\/\/api.w.org\/{rel}","templated":true}]}}