{"id":36,"date":"2022-02-28T08:35:37","date_gmt":"2022-02-28T08:35:37","guid":{"rendered":"http:\/\/www.inegolatlasspor.com\/?page_id=36"},"modified":"2022-04-12T17:45:12","modified_gmt":"2022-04-12T17:45:12","slug":"misyonvizyon","status":"publish","type":"page","link":"http:\/\/www.inegolatlasspor.com\/?page_id=36","title":{"rendered":"Misyon&#038;Vizyon"},"content":{"rendered":"\t\t<div data-elementor-type=\"wp-page\" data-elementor-id=\"36\" class=\"elementor elementor-36\">\n\t\t\t\t\t\t<section class=\"elementor-section elementor-top-section elementor-element elementor-element-d71d81f elementor-section-boxed elementor-section-height-default elementor-section-height-default\" data-id=\"d71d81f\" data-element_type=\"section\" data-e-type=\"section\">\n\t\t\t\t\t\t<div class=\"elementor-container elementor-column-gap-default\">\n\t\t\t\t\t<div class=\"elementor-column elementor-col-100 elementor-top-column elementor-element elementor-element-575fb3d\" data-id=\"575fb3d\" data-element_type=\"column\" data-e-type=\"column\">\n\t\t\t<div class=\"elementor-widget-wrap elementor-element-populated\">\n\t\t\t\t\t\t<div class=\"elementor-element elementor-element-fb44649 elementor-widget elementor-widget-image\" data-id=\"fb44649\" data-element_type=\"widget\" data-e-type=\"widget\" data-widget_type=\"image.default\">\n\t\t\t\t<div class=\"elementor-widget-container\">\n\t\t\t\t\t\t\t\t\t\t\t\t\t\t\t<img fetchpriority=\"high\" decoding=\"async\" width=\"560\" height=\"174\" src=\"http:\/\/www.inegolatlasspor.com\/wp-content\/uploads\/2022\/04\/16122017133411_vizyonMisyon.jpg\" class=\"attachment-large size-large wp-image-204\" alt=\"\" srcset=\"http:\/\/www.inegolatlasspor.com\/wp-content\/uploads\/2022\/04\/16122017133411_vizyonMisyon.jpg 560w, http:\/\/www.inegolatlasspor.com\/wp-content\/uploads\/2022\/04\/16122017133411_vizyonMisyon-300x93.jpg 300w\" sizes=\"(max-width: 560px) 100vw, 560px\" \/>\t\t\t\t\t\t\t\t\t\t\t\t\t\t\t<\/div>\n\t\t\t\t<\/div>\n\t\t\t\t\t<\/div>\n\t\t<\/div>\n\t\t\t\t\t<\/div>\n\t\t<\/section>\n\t\t\t\t<section class=\"elementor-section elementor-top-section elementor-element elementor-element-5ef3f23 elementor-section-boxed elementor-section-height-default elementor-section-height-default\" data-id=\"5ef3f23\" data-element_type=\"section\" data-e-type=\"section\">\n\t\t\t\t\t\t<div class=\"elementor-container elementor-column-gap-default\">\n\t\t\t\t\t<div class=\"elementor-column elementor-col-100 elementor-top-column elementor-element elementor-element-93a7970\" data-id=\"93a7970\" data-element_type=\"column\" data-e-type=\"column\">\n\t\t\t<div class=\"elementor-widget-wrap elementor-element-populated\">\n\t\t\t\t\t\t<div class=\"elementor-element elementor-element-10d58f0 elementor-drop-cap-yes elementor-drop-cap-view-default elementor-widget elementor-widget-text-editor\" data-id=\"10d58f0\" data-element_type=\"widget\" data-e-type=\"widget\" data-settings=\"{&quot;drop_cap&quot;:&quot;yes&quot;}\" data-widget_type=\"text-editor.default\">\n\t\t\t\t<div class=\"elementor-widget-container\">\n\t\t\t\t\t\t\t\t\t<p><em><strong>Vizyon<\/strong><\/em><\/p><p>Uygun tesis, ekipman, sistem ve personele sahip olarak;<br \/>Sporu ya\u015fam bi\u00e7imi haline getirmi\u015f bireylerin sportif ya\u015fam hedeflerine ula\u015fabilecekleri,<br \/>Faaliyet g\u00f6sterilen t\u00fcm bran\u015flarda sporcular\u0131m\u0131z\u0131n ulusal ve uluslararas\u0131 alanda maksimum ba\u015far\u0131y\u0131 ortaya koyabilecekleri,<br \/>T\u00fcm payda\u015flar\u0131n aidiyet duygusu hissederek bir par\u00e7as\u0131n\u0131 olu\u015fturabilecekleri ortamlar\u0131 yaratmak ve s\u00fcrd\u00fcr\u00fclebilir bir yap\u0131da \u00f6rnek bir spor kul\u00fcb\u00fc olmakt\u0131r<\/p><p><em><strong>Misyon<\/strong><\/em><\/p><p>\u0130l\u00e7emizde, ilimizde, b\u00f6lgemizde ve \u00fclkemizde faaliyet g\u00f6sterdi\u011fimiz bran\u015flarda kaynak talebini kar\u015f\u0131lamak \u00fczere faaliyet b\u00f6lgelerimizde b\u00fcnyemizdeki spor bran\u015flar\u0131n\u0131n e\u011fitimi i\u00e7in uygun nitelik ve ya\u015f gruplar\u0131ndaki potansiyelin gerekli e\u011fitimi almas\u0131na imkan sunmak ve b\u00fcnyemizdeki sporcular\u0131m\u0131z\u0131n akademik ve ahlaki y\u00f6nden de \u00f6rnek bireyler olmas\u0131n\u0131 sa\u011flamakt\u0131r.<\/p>\t\t\t\t\t\t\t\t<\/div>\n\t\t\t\t<\/div>\n\t\t\t\t\t<\/div>\n\t\t<\/div>\n\t\t\t\t\t<\/div>\n\t\t<\/section>\n\t\t\t\t<\/div>\n\t\t","protected":false},"excerpt":{"rendered":"<p>Vizyon Uygun tesis, ekipman, sistem ve personele sahip olarak;Sporu ya\u015fam bi\u00e7imi haline getirmi\u015f bireylerin sportif ya\u015fam hedeflerine ula\u015fabilecekleri,Faaliyet g\u00f6sterilen t\u00fcm bran\u015flarda sporcular\u0131m\u0131z\u0131n ulusal ve uluslararas\u0131 alanda maksimum ba\u015far\u0131y\u0131 ortaya koyabilecekleri,T\u00fcm payda\u015flar\u0131n aidiyet duygusu hissederek bir par\u00e7as\u0131n\u0131 olu\u015fturabilecekleri ortamlar\u0131 yaratmak ve s\u00fcrd\u00fcr\u00fclebilir bir yap\u0131da \u00f6rnek bir spor kul\u00fcb\u00fc olmakt\u0131r Misyon \u0130l\u00e7emizde, ilimizde, b\u00f6lgemizde ve \u00fclkemizde faaliyet [&hellip;]<\/p>\n","protected":false},"author":1,"featured_media":0,"parent":0,"menu_order":0,"comment_status":"closed","ping_status":"closed","template":"","meta":{"footnotes":""},"class_list":["post-36","page","type-page","status-publish","hentry"],"_links":{"self":[{"href":"http:\/\/www.inegolatlasspor.com\/index.php?rest_route=\/wp\/v2\/pages\/36","targetHints":{"allow":["GET"]}}],"collection":[{"href":"http:\/\/www.inegolatlasspor.com\/index.php?rest_route=\/wp\/v2\/pages"}],"about":[{"href":"http:\/\/www.inegolatlasspor.com\/index.php?rest_route=\/wp\/v2\/types\/page"}],"author":[{"embeddable":true,"href":"http:\/\/www.inegolatlasspor.com\/index.php?rest_route=\/wp\/v2\/users\/1"}],"replies":[{"embeddable":true,"href":"http:\/\/www.inegolatlasspor.com\/index.php?rest_route=%2Fwp%2Fv2%2Fcomments&post=36"}],"version-history":[{"count":10,"href":"http:\/\/www.inegolatlasspor.com\/index.php?rest_route=\/wp\/v2\/pages\/36\/revisions"}],"predecessor-version":[{"id":221,"href":"http:\/\/www.inegolatlasspor.com\/index.php?rest_route=\/wp\/v2\/pages\/36\/revisions\/221"}],"wp:attachment":[{"href":"http:\/\/www.inegolatlasspor.com\/index.php?rest_route=%2Fwp%2Fv2%2Fmedia&parent=36"}],"curies":[{"name":"wp","href":"https:\/\/api.w.org\/{rel}","templated":true}]}}