{"id":208,"date":"2022-04-12T17:34:25","date_gmt":"2022-04-12T17:34:25","guid":{"rendered":"http:\/\/www.inegolatlasspor.com\/?page_id=208"},"modified":"2022-04-12T17:43:05","modified_gmt":"2022-04-12T17:43:05","slug":"degerlerimiz","status":"publish","type":"page","link":"http:\/\/www.inegolatlasspor.com\/?page_id=208","title":{"rendered":"De\u011ferlerimiz"},"content":{"rendered":"\t\t<div data-elementor-type=\"wp-page\" data-elementor-id=\"208\" class=\"elementor elementor-208\">\n\t\t\t\t\t\t<section class=\"elementor-section elementor-top-section elementor-element elementor-element-3940735 elementor-section-boxed elementor-section-height-default elementor-section-height-default\" data-id=\"3940735\" data-element_type=\"section\" data-e-type=\"section\">\n\t\t\t\t\t\t<div class=\"elementor-container elementor-column-gap-default\">\n\t\t\t\t\t<div class=\"elementor-column elementor-col-100 elementor-top-column elementor-element elementor-element-94b06a7\" data-id=\"94b06a7\" data-element_type=\"column\" data-e-type=\"column\">\n\t\t\t<div class=\"elementor-widget-wrap elementor-element-populated\">\n\t\t\t\t\t\t<div class=\"elementor-element elementor-element-9c064d8 elementor-widget elementor-widget-image\" data-id=\"9c064d8\" data-element_type=\"widget\" data-e-type=\"widget\" data-widget_type=\"image.default\">\n\t\t\t\t<div class=\"elementor-widget-container\">\n\t\t\t\t\t\t\t\t\t\t\t\t\t\t\t<img fetchpriority=\"high\" decoding=\"async\" width=\"386\" height=\"131\" src=\"http:\/\/www.inegolatlasspor.com\/wp-content\/uploads\/2022\/04\/dfd.jpg\" class=\"attachment-large size-large wp-image-215\" alt=\"\" srcset=\"http:\/\/www.inegolatlasspor.com\/wp-content\/uploads\/2022\/04\/dfd.jpg 386w, http:\/\/www.inegolatlasspor.com\/wp-content\/uploads\/2022\/04\/dfd-300x102.jpg 300w\" sizes=\"(max-width: 386px) 100vw, 386px\" \/>\t\t\t\t\t\t\t\t\t\t\t\t\t\t\t<\/div>\n\t\t\t\t<\/div>\n\t\t\t\t\t<\/div>\n\t\t<\/div>\n\t\t\t\t\t<\/div>\n\t\t<\/section>\n\t\t\t\t<section class=\"elementor-section elementor-top-section elementor-element elementor-element-f980062 elementor-section-boxed elementor-section-height-default elementor-section-height-default\" data-id=\"f980062\" data-element_type=\"section\" data-e-type=\"section\">\n\t\t\t\t\t\t<div class=\"elementor-container elementor-column-gap-default\">\n\t\t\t\t\t<div class=\"elementor-column elementor-col-100 elementor-top-column elementor-element elementor-element-64c0a2c\" data-id=\"64c0a2c\" data-element_type=\"column\" data-e-type=\"column\">\n\t\t\t<div class=\"elementor-widget-wrap elementor-element-populated\">\n\t\t\t\t\t\t<div class=\"elementor-element elementor-element-4e5aeb6 elementor-widget elementor-widget-text-editor\" data-id=\"4e5aeb6\" data-element_type=\"widget\" data-e-type=\"widget\" data-widget_type=\"text-editor.default\">\n\t\t\t\t<div class=\"elementor-widget-container\">\n\t\t\t\t\t\t\t\t\t<p>Kurumumuzun temel ta\u015f\u0131 olan, birlik ve beraberli\u011fimizi g\u00fc\u00e7lendiren, tutarl\u0131l\u0131\u011f\u0131m\u0131z\u0131 sa\u011flayan ve misyonumuzun ger\u00e7ekle\u015fmesini m\u00fcmk\u00fcn k\u0131lan de\u011ferlerimiz \u015funlard\u0131r;<\/p><p><em><strong>Etik ve Ahlak<\/strong><\/em><br \/>\u0130yi niyet, d\u00fcr\u00fcstl\u00fck ve tarafs\u0131zl\u0131k \u00e7er\u00e7evesi i\u00e7erisinde davran\u0131r\u0131z.<br \/>Taahh\u00fct etti\u011fimiz i\u015fi yapar, s\u00f6z\u00fcm\u00fcz\u00fc tutar\u0131z.<br \/>Doping\u2019in her t\u00fcrl\u00fcs\u00fcne kar\u015f\u0131y\u0131z ve sporcular\u0131m\u0131z\u0131n bu konuda bilin\u00e7lendirilmesini sa\u011flar\u0131z.<br \/>\u0130\u015f ile ilgili bilgilerin ve ki\u015fisel verilerin gizlili\u011fine sayg\u0131 g\u00f6steririz.<br \/>Evrensel de\u011ferlere sayg\u0131 g\u00f6steririz.<br \/>Herkese adil davran\u0131r ve adil k\u00fclt\u00fcr\u00fc kurum k\u00fclt\u00fcr\u00fcn\u00fcn ayr\u0131lmaz par\u00e7as\u0131 kabul ederiz.<\/p><p><em><strong>Sayg\u0131 ve G\u00fcven<\/strong><\/em><br \/>\u0130nsana, do\u011faya, \u00e7evreye ve t\u00fcm canl\u0131lara lay\u0131k olduklar\u0131 ilgiyi ve sayg\u0131y\u0131 g\u00f6steririz.<br \/>Hareketlerimizin ba\u015fkalar\u0131n\u0131 nas\u0131l etkileyece\u011fini her zaman g\u00f6z \u00f6n\u00fcnde bulundururuz.<br \/>Farkl\u0131l\u0131klara sayg\u0131 duyar\u0131z; \u0131rk, etnik k\u00f6ken, ya\u015f, cinsiyet, din veya siyasi g\u00f6r\u00fc\u015f sebebiyle ayr\u0131m yapmay\u0131z.<br \/>G\u00fcler y\u00fcz\u00fc ve selam\u0131m\u0131z\u0131 hi\u00e7 kimseden esirgemeyiz.<br \/>G\u00fcven duygusunu \u00f6n planda tutar\u0131z.<\/p><p><em><strong>Samimiyet, A\u00e7\u0131kl\u0131k ve Yenilik\u00e7ilik<\/strong><\/em><br \/>Do\u011fruyu ve en uygunu bulmak i\u00e7in sorgulamaktan vazge\u00e7meyiz,<br \/>Do\u011fru bildiklerimizi s\u00f6ylemekten \u00e7ekinmeyiz, a\u00e7\u0131k\u00e7a payla\u015f\u0131r\u0131z,<br \/>Dolayl\u0131 anlat\u0131m yerine do\u011frudan aktarmay\u0131 tercih ederiz,<br \/>A\u00e7\u0131k ve samimi \u015fekilde g\u00f6r\u00fc\u015f ve d\u00fc\u015f\u00fcncelerini payla\u015fanlar\u0131n g\u00f6r\u00fc\u015flerine sayg\u0131 g\u00f6steririz.<br \/>Merakla \u00f6\u011frenir, heyecanla \u00f6\u011fretir, a\u00e7\u0131k\u00e7a payla\u015f\u0131r, cesaretle de\u011fi\u015ftirir ve ilerleriz,<br \/>Yeniliklere a\u00e7\u0131k oluruz.<\/p>\t\t\t\t\t\t\t\t<\/div>\n\t\t\t\t<\/div>\n\t\t\t\t\t<\/div>\n\t\t<\/div>\n\t\t\t\t\t<\/div>\n\t\t<\/section>\n\t\t\t\t<\/div>\n\t\t","protected":false},"excerpt":{"rendered":"<p>Kurumumuzun temel ta\u015f\u0131 olan, birlik ve beraberli\u011fimizi g\u00fc\u00e7lendiren, tutarl\u0131l\u0131\u011f\u0131m\u0131z\u0131 sa\u011flayan ve misyonumuzun ger\u00e7ekle\u015fmesini m\u00fcmk\u00fcn k\u0131lan de\u011ferlerimiz \u015funlard\u0131r; Etik ve Ahlak\u0130yi niyet, d\u00fcr\u00fcstl\u00fck ve tarafs\u0131zl\u0131k \u00e7er\u00e7evesi i\u00e7erisinde davran\u0131r\u0131z.Taahh\u00fct etti\u011fimiz i\u015fi yapar, s\u00f6z\u00fcm\u00fcz\u00fc tutar\u0131z.Doping\u2019in her t\u00fcrl\u00fcs\u00fcne kar\u015f\u0131y\u0131z ve sporcular\u0131m\u0131z\u0131n bu konuda bilin\u00e7lendirilmesini sa\u011flar\u0131z.\u0130\u015f ile ilgili bilgilerin ve ki\u015fisel verilerin gizlili\u011fine sayg\u0131 g\u00f6steririz.Evrensel de\u011ferlere sayg\u0131 g\u00f6steririz.Herkese adil davran\u0131r [&hellip;]<\/p>\n","protected":false},"author":1,"featured_media":0,"parent":0,"menu_order":0,"comment_status":"closed","ping_status":"closed","template":"","meta":{"footnotes":""},"class_list":["post-208","page","type-page","status-publish","hentry"],"_links":{"self":[{"href":"http:\/\/www.inegolatlasspor.com\/index.php?rest_route=\/wp\/v2\/pages\/208","targetHints":{"allow":["GET"]}}],"collection":[{"href":"http:\/\/www.inegolatlasspor.com\/index.php?rest_route=\/wp\/v2\/pages"}],"about":[{"href":"http:\/\/www.inegolatlasspor.com\/index.php?rest_route=\/wp\/v2\/types\/page"}],"author":[{"embeddable":true,"href":"http:\/\/www.inegolatlasspor.com\/index.php?rest_route=\/wp\/v2\/users\/1"}],"replies":[{"embeddable":true,"href":"http:\/\/www.inegolatlasspor.com\/index.php?rest_route=%2Fwp%2Fv2%2Fcomments&post=208"}],"version-history":[{"count":7,"href":"http:\/\/www.inegolatlasspor.com\/index.php?rest_route=\/wp\/v2\/pages\/208\/revisions"}],"predecessor-version":[{"id":218,"href":"http:\/\/www.inegolatlasspor.com\/index.php?rest_route=\/wp\/v2\/pages\/208\/revisions\/218"}],"wp:attachment":[{"href":"http:\/\/www.inegolatlasspor.com\/index.php?rest_route=%2Fwp%2Fv2%2Fmedia&parent=208"}],"curies":[{"name":"wp","href":"https:\/\/api.w.org\/{rel}","templated":true}]}}