{"id":14,"date":"2022-02-20T08:59:25","date_gmt":"2022-02-20T08:59:25","guid":{"rendered":"http:\/\/www.inegolatlasspor.com\/?page_id=14"},"modified":"2023-02-02T20:36:40","modified_gmt":"2023-02-02T20:36:40","slug":"iletisim","status":"publish","type":"page","link":"http:\/\/www.inegolatlasspor.com\/?page_id=14","title":{"rendered":"\u0130leti\u015fim"},"content":{"rendered":"\t\t<div data-elementor-type=\"wp-page\" data-elementor-id=\"14\" class=\"elementor elementor-14\">\n\t\t\t\t\t\t<section class=\"elementor-section elementor-top-section elementor-element elementor-element-33755fc elementor-section-boxed elementor-section-height-default elementor-section-height-default\" data-id=\"33755fc\" data-element_type=\"section\" data-e-type=\"section\">\n\t\t\t\t\t\t<div class=\"elementor-container elementor-column-gap-default\">\n\t\t\t\t\t<div class=\"elementor-column elementor-col-100 elementor-top-column elementor-element elementor-element-db9099d\" data-id=\"db9099d\" data-element_type=\"column\" data-e-type=\"column\">\n\t\t\t<div class=\"elementor-widget-wrap elementor-element-populated\">\n\t\t\t\t\t\t<div class=\"elementor-element elementor-element-30474eb elementor-widget elementor-widget-google_maps\" data-id=\"30474eb\" data-element_type=\"widget\" data-e-type=\"widget\" data-widget_type=\"google_maps.default\">\n\t\t\t\t<div class=\"elementor-widget-container\">\n\t\t\t\t\t\t\t<div class=\"elementor-custom-embed\">\n\t\t\t<iframe loading=\"lazy\"\n\t\t\t\t\tsrc=\"https:\/\/maps.google.com\/maps?q=S%C3%BCleymaniye%2C%20%C5%9Eht.%20Mustafa%20Pehlivano%C4%9Flu%20Sk.%20No%3A55%2C%2016400%20%C4%B0neg%C3%B6l%2FBursa&#038;t=m&#038;z=9&#038;output=embed&#038;iwloc=near\"\n\t\t\t\t\ttitle=\"S\u00fcleymaniye, \u015eht. Mustafa Pehlivano\u011flu Sk. No:55, 16400 \u0130neg\u00f6l\/Bursa\"\n\t\t\t\t\taria-label=\"S\u00fcleymaniye, \u015eht. Mustafa Pehlivano\u011flu Sk. No:55, 16400 \u0130neg\u00f6l\/Bursa\"\n\t\t\t><\/iframe>\n\t\t<\/div>\n\t\t\t\t\t\t<\/div>\n\t\t\t\t<\/div>\n\t\t\t\t\t<\/div>\n\t\t<\/div>\n\t\t\t\t\t<\/div>\n\t\t<\/section>\n\t\t\t\t<section class=\"elementor-section elementor-top-section elementor-element elementor-element-d1b5973 elementor-section-boxed elementor-section-height-default elementor-section-height-default\" data-id=\"d1b5973\" data-element_type=\"section\" data-e-type=\"section\">\n\t\t\t\t\t\t<div class=\"elementor-container elementor-column-gap-default\">\n\t\t\t\t\t<div class=\"elementor-column elementor-col-33 elementor-top-column elementor-element elementor-element-bbbf3d3\" data-id=\"bbbf3d3\" data-element_type=\"column\" data-e-type=\"column\">\n\t\t\t<div class=\"elementor-widget-wrap elementor-element-populated\">\n\t\t\t\t\t\t<div class=\"elementor-element elementor-element-34b7690 elementor-widget elementor-widget-image\" data-id=\"34b7690\" data-element_type=\"widget\" data-e-type=\"widget\" data-widget_type=\"image.default\">\n\t\t\t\t<div class=\"elementor-widget-container\">\n\t\t\t\t\t\t\t\t\t\t\t\t\t\t\t<img fetchpriority=\"high\" decoding=\"async\" width=\"225\" height=\"225\" src=\"http:\/\/www.inegolatlasspor.com\/wp-content\/uploads\/2022\/03\/adres-logo-roze.png\" class=\"attachment-medium_large size-medium_large wp-image-146\" alt=\"\" srcset=\"http:\/\/www.inegolatlasspor.com\/wp-content\/uploads\/2022\/03\/adres-logo-roze.png 225w, http:\/\/www.inegolatlasspor.com\/wp-content\/uploads\/2022\/03\/adres-logo-roze-150x150.png 150w\" sizes=\"(max-width: 225px) 100vw, 225px\" \/>\t\t\t\t\t\t\t\t\t\t\t\t\t\t\t<\/div>\n\t\t\t\t<\/div>\n\t\t\t\t\t<\/div>\n\t\t<\/div>\n\t\t\t\t<div class=\"elementor-column elementor-col-33 elementor-top-column elementor-element elementor-element-1f97438\" data-id=\"1f97438\" data-element_type=\"column\" data-e-type=\"column\">\n\t\t\t<div class=\"elementor-widget-wrap elementor-element-populated\">\n\t\t\t\t\t\t<div class=\"elementor-element elementor-element-f770696 elementor-widget elementor-widget-text-editor\" data-id=\"f770696\" data-element_type=\"widget\" data-e-type=\"widget\" data-widget_type=\"text-editor.default\">\n\t\t\t\t<div class=\"elementor-widget-container\">\n\t\t\t\t\t\t\t\t\t<p><strong>Tel:<\/strong> 0532 411 04 77<br><\/p>\n<p><strong>E-mail:<\/strong> info@inegolatlasspor.com<\/p>\n<p><strong>Adres:<\/strong> S\u00fcleymaniye, \u015eht. Mustafa Pehlivano\u011flu Sk. No:55, 16400 \u0130neg\u00f6l\/Bursa<\/p>\t\t\t\t\t\t\t\t<\/div>\n\t\t\t\t<\/div>\n\t\t\t\t\t<\/div>\n\t\t<\/div>\n\t\t\t\t<div class=\"elementor-column elementor-col-33 elementor-top-column elementor-element elementor-element-749618b\" data-id=\"749618b\" data-element_type=\"column\" data-e-type=\"column\">\n\t\t\t<div class=\"elementor-widget-wrap\">\n\t\t\t\t\t\t\t<\/div>\n\t\t<\/div>\n\t\t\t\t\t<\/div>\n\t\t<\/section>\n\t\t\t\t<section class=\"elementor-section elementor-top-section elementor-element elementor-element-d12cedf elementor-section-boxed elementor-section-height-default elementor-section-height-default\" data-id=\"d12cedf\" data-element_type=\"section\" data-e-type=\"section\">\n\t\t\t\t\t\t<div class=\"elementor-container elementor-column-gap-default\">\n\t\t\t\t\t<div class=\"elementor-column elementor-col-100 elementor-top-column elementor-element elementor-element-e6137b8\" data-id=\"e6137b8\" data-element_type=\"column\" data-e-type=\"column\">\n\t\t\t<div class=\"elementor-widget-wrap\">\n\t\t\t\t\t\t\t<\/div>\n\t\t<\/div>\n\t\t\t\t\t<\/div>\n\t\t<\/section>\n\t\t\t\t<\/div>\n\t\t","protected":false},"excerpt":{"rendered":"<p>Tel: 0532 411 04 77 E-mail: info@inegolatlasspor.com Adres: S\u00fcleymaniye, \u015eht. Mustafa Pehlivano\u011flu Sk. No:55, 16400 \u0130neg\u00f6l\/Bursa<\/p>\n","protected":false},"author":1,"featured_media":0,"parent":0,"menu_order":0,"comment_status":"closed","ping_status":"closed","template":"","meta":{"footnotes":""},"class_list":["post-14","page","type-page","status-publish","hentry"],"_links":{"self":[{"href":"http:\/\/www.inegolatlasspor.com\/index.php?rest_route=\/wp\/v2\/pages\/14","targetHints":{"allow":["GET"]}}],"collection":[{"href":"http:\/\/www.inegolatlasspor.com\/index.php?rest_route=\/wp\/v2\/pages"}],"about":[{"href":"http:\/\/www.inegolatlasspor.com\/index.php?rest_route=\/wp\/v2\/types\/page"}],"author":[{"embeddable":true,"href":"http:\/\/www.inegolatlasspor.com\/index.php?rest_route=\/wp\/v2\/users\/1"}],"replies":[{"embeddable":true,"href":"http:\/\/www.inegolatlasspor.com\/index.php?rest_route=%2Fwp%2Fv2%2Fcomments&post=14"}],"version-history":[{"count":49,"href":"http:\/\/www.inegolatlasspor.com\/index.php?rest_route=\/wp\/v2\/pages\/14\/revisions"}],"predecessor-version":[{"id":329,"href":"http:\/\/www.inegolatlasspor.com\/index.php?rest_route=\/wp\/v2\/pages\/14\/revisions\/329"}],"wp:attachment":[{"href":"http:\/\/www.inegolatlasspor.com\/index.php?rest_route=%2Fwp%2Fv2%2Fmedia&parent=14"}],"curies":[{"name":"wp","href":"https:\/\/api.w.org\/{rel}","templated":true}]}}