{"id":13,"date":"2022-02-20T08:59:25","date_gmt":"2022-02-20T08:59:25","guid":{"rendered":"http:\/\/www.inegolatlasspor.com\/?page_id=13"},"modified":"2022-06-08T16:42:20","modified_gmt":"2022-06-08T16:42:20","slug":"hakkimizda","status":"publish","type":"page","link":"http:\/\/www.inegolatlasspor.com\/?page_id=13","title":{"rendered":"Hakk\u0131m\u0131zda"},"content":{"rendered":"\t\t<div data-elementor-type=\"wp-page\" data-elementor-id=\"13\" class=\"elementor elementor-13\">\n\t\t\t\t\t\t<section class=\"elementor-section elementor-top-section elementor-element elementor-element-baf1fd8 elementor-section-boxed elementor-section-height-default elementor-section-height-default\" data-id=\"baf1fd8\" data-element_type=\"section\" data-e-type=\"section\">\n\t\t\t\t\t\t<div class=\"elementor-container elementor-column-gap-default\">\n\t\t\t\t\t<div class=\"elementor-column elementor-col-100 elementor-top-column elementor-element elementor-element-180bfe6\" data-id=\"180bfe6\" data-element_type=\"column\" data-e-type=\"column\">\n\t\t\t<div class=\"elementor-widget-wrap elementor-element-populated\">\n\t\t\t\t\t\t<div class=\"elementor-element elementor-element-b9efca0 elementor-widget elementor-widget-image\" data-id=\"b9efca0\" data-element_type=\"widget\" data-e-type=\"widget\" data-widget_type=\"image.default\">\n\t\t\t\t<div class=\"elementor-widget-container\">\n\t\t\t\t\t\t\t\t\t\t\t\t\t\t\t<img fetchpriority=\"high\" decoding=\"async\" width=\"367\" height=\"137\" src=\"http:\/\/www.inegolatlasspor.com\/wp-content\/uploads\/2022\/03\/images.jpg\" class=\"attachment-large size-large wp-image-167\" alt=\"\" srcset=\"http:\/\/www.inegolatlasspor.com\/wp-content\/uploads\/2022\/03\/images.jpg 367w, http:\/\/www.inegolatlasspor.com\/wp-content\/uploads\/2022\/03\/images-300x112.jpg 300w\" sizes=\"(max-width: 367px) 100vw, 367px\" \/>\t\t\t\t\t\t\t\t\t\t\t\t\t\t\t<\/div>\n\t\t\t\t<\/div>\n\t\t\t\t<div class=\"elementor-element elementor-element-0281169 elementor-widget elementor-widget-text-editor\" data-id=\"0281169\" data-element_type=\"widget\" data-e-type=\"widget\" data-widget_type=\"text-editor.default\">\n\t\t\t\t<div class=\"elementor-widget-container\">\n\t\t\t\t\t\t\t\t\t<p>2022 y\u0131l\u0131nda tamam\u0131 eski sporculardan olu\u015fan y\u00f6netimin bir araya gelerek kurdu\u011fu ve 5 bran\u015fla faaliyetlerine ba\u015flayan \u0130neg\u00f6l Atlas Spor Kul\u00fcb\u00fc, b\u00fcnyesinde Basketbol, Voleybol, Y\u00fczme, Hentbol ve Masa Tenisi bran\u015flar\u0131n\u0131 bulundurmaktad\u0131r.<\/p><p>Altyap\u0131ya y\u00f6nelik spor faaliyetlerine \u00f6nem vererek spor okullar\u0131 ve alt yap\u0131 m\u00fcsabaka gruplar\u0131na yat\u0131r\u0131mlar yap\u0131p bu misyon ile faaliyetlerimize devam etmekteyiz<\/p><p>Bran\u015flar\u0131m\u0131zda temel e\u011fitim gruplar\u0131yla Okul \u2013 Kul\u00fcp \u2013 Aile \u0130\u015f Birli\u011fi i\u00e7erisinde faaliyet s\u00fcrd\u00fcrmekteyiz. Yeti\u015ftirdi\u011fimiz sporcular\u0131m\u0131z\u0131n Yerel-Ulusal ve Uluslararas\u0131 m\u00fcsabakalarda \u00fclkemizi ve \u015fehrimizi temsil etmesini ama\u00e7l\u0131yoruz.<\/p><p><strong>\u0130neg\u00f6l ATLAS spor Kul\u00fcb\u00fc<\/strong><\/p><p>Kendimizi tan\u0131yoruz,<br \/>Fark\u0131nda oldu\u011fumuz ya da olmad\u0131\u011f\u0131m\u0131z yeteneklerimizi<br \/>ke\u015ffediyoruz,<br \/>Ara\u015ft\u0131r\u0131yoruz,<br \/>\u00d6\u011freniyoruz,<br \/>E\u011fleniyoruz,<br \/>Payla\u015f\u0131yoruz,<br \/>Sosyalle\u015fme s\u00fcrecinde \u00f6nemli ad\u0131mlar at\u0131yoruz,<br \/>Yeni deneyimler kazan\u0131yoruz ve GELECE\u011e\u0130M\u0130Z\u0130 \u015eEK\u0130LLEND\u0130R\u0130YORUZ\u2026..<\/p><p>Derne\u011fimizin amac\u0131, teknik-taktik \u00e7al\u0131\u015fmalarla cocuklarimizin yetenek ve d\u00fczeylerini geli\u015ftirmek, ayn\u0131 zamanda kendine g\u00fcvenen, kendini do\u011fru ifade edebilen, fiziksel olarak sa\u011fl\u0131kl\u0131 ve sosyal y\u00f6nleri g\u00fc\u00e7l\u00fc, yard\u0131mla\u015fmay\u0131, payla\u015fmay\u0131 bilen ba\u015far\u0131l\u0131 birer birey olmalar\u0131na yard\u0131mc\u0131 olabilmektir. Kul\u00fcbe kat\u0131lacak \u00f6\u011frencilerin spor okullarinda aldiklari egitim sonrasi; altyapi tak\u0131mlari olu\u015fturarak, turnuvalarda vb&#8230; bizi temsil etmelerine imkan tan\u0131maktir.<\/p><p>\u00d6\u011frencilerimizin akademik ba\u015far\u0131lar\u0131n\u0131 artt\u0131rmalar\u0131n\u0131, sosyal ba\u011flar\u0131n\u0131 g\u00fc\u00e7lendirmelerini ayn\u0131 zamanda da fiziksel<br \/>ve bili\u015fsel a\u00e7\u0131dan geli\u015fim sa\u011flamalar\u0131n\u0131 hedefledi\u011fimiz sosyal ya\u015fam kul\u00fcplerimizle, \u00f6\u011frencilerimizi daha g\u00fc\u00e7l\u00fc bireyler olmalar\u0131 do\u011frultusunda yeti\u015ftirmeyi hedefliyor ve \u2018sosyalle\u015fmenin hi\u00e7 bitmeyen bir s\u00fcre\u00e7 oldu\u011fu\u2019 ger\u00e7e\u011fini kavramalar\u0131n\u0131n onlar\u0131n en b\u00fcy\u00fck kazan\u0131mlar\u0131 oldu\u011funa inan\u0131yoruz.<\/p><p>Bu noktada olu\u015fturdu\u011fumuz spor okullar\u0131m\u0131za t\u00fcm \u00e7ocuklar\u0131m\u0131z\u0131 bekliyoruz.<\/p>\t\t\t\t\t\t\t\t<\/div>\n\t\t\t\t<\/div>\n\t\t\t\t\t<\/div>\n\t\t<\/div>\n\t\t\t\t\t<\/div>\n\t\t<\/section>\n\t\t\t\t<section class=\"elementor-section elementor-top-section elementor-element elementor-element-24d5f9b elementor-section-boxed elementor-section-height-default elementor-section-height-default\" data-id=\"24d5f9b\" data-element_type=\"section\" data-e-type=\"section\">\n\t\t\t\t\t\t<div class=\"elementor-container elementor-column-gap-default\">\n\t\t\t\t\t<div class=\"elementor-column elementor-col-100 elementor-top-column elementor-element elementor-element-a5c4517\" data-id=\"a5c4517\" data-element_type=\"column\" data-e-type=\"column\">\n\t\t\t<div class=\"elementor-widget-wrap\">\n\t\t\t\t\t\t\t<\/div>\n\t\t<\/div>\n\t\t\t\t\t<\/div>\n\t\t<\/section>\n\t\t\t\t<\/div>\n\t\t","protected":false},"excerpt":{"rendered":"<p>2022 y\u0131l\u0131nda tamam\u0131 eski sporculardan olu\u015fan y\u00f6netimin bir araya gelerek kurdu\u011fu ve 5 bran\u015fla faaliyetlerine ba\u015flayan \u0130neg\u00f6l Atlas Spor Kul\u00fcb\u00fc, b\u00fcnyesinde Basketbol, Voleybol, Y\u00fczme, Hentbol ve Masa Tenisi bran\u015flar\u0131n\u0131 bulundurmaktad\u0131r. Altyap\u0131ya y\u00f6nelik spor faaliyetlerine \u00f6nem vererek spor okullar\u0131 ve alt yap\u0131 m\u00fcsabaka gruplar\u0131na yat\u0131r\u0131mlar yap\u0131p bu misyon ile faaliyetlerimize devam etmekteyiz Bran\u015flar\u0131m\u0131zda temel e\u011fitim gruplar\u0131yla [&hellip;]<\/p>\n","protected":false},"author":1,"featured_media":0,"parent":0,"menu_order":0,"comment_status":"closed","ping_status":"closed","template":"","meta":{"footnotes":""},"class_list":["post-13","page","type-page","status-publish","hentry"],"_links":{"self":[{"href":"http:\/\/www.inegolatlasspor.com\/index.php?rest_route=\/wp\/v2\/pages\/13","targetHints":{"allow":["GET"]}}],"collection":[{"href":"http:\/\/www.inegolatlasspor.com\/index.php?rest_route=\/wp\/v2\/pages"}],"about":[{"href":"http:\/\/www.inegolatlasspor.com\/index.php?rest_route=\/wp\/v2\/types\/page"}],"author":[{"embeddable":true,"href":"http:\/\/www.inegolatlasspor.com\/index.php?rest_route=\/wp\/v2\/users\/1"}],"replies":[{"embeddable":true,"href":"http:\/\/www.inegolatlasspor.com\/index.php?rest_route=%2Fwp%2Fv2%2Fcomments&post=13"}],"version-history":[{"count":13,"href":"http:\/\/www.inegolatlasspor.com\/index.php?rest_route=\/wp\/v2\/pages\/13\/revisions"}],"predecessor-version":[{"id":229,"href":"http:\/\/www.inegolatlasspor.com\/index.php?rest_route=\/wp\/v2\/pages\/13\/revisions\/229"}],"wp:attachment":[{"href":"http:\/\/www.inegolatlasspor.com\/index.php?rest_route=%2Fwp%2Fv2%2Fmedia&parent=13"}],"curies":[{"name":"wp","href":"https:\/\/api.w.org\/{rel}","templated":true}]}}